{"id":44,"date":"2024-02-27T20:13:34","date_gmt":"2024-02-27T23:13:34","guid":{"rendered":"https:\/\/nlcast.com.br\/?page_id=44"},"modified":"2024-02-27T21:00:17","modified_gmt":"2024-02-28T00:00:17","slug":"o-que-fazemos","status":"publish","type":"page","link":"https:\/\/nlcast.com.br\/","title":{"rendered":"O que fazemos?"},"content":{"rendered":"\n<p style=\"font-size:15px;font-style:normal;font-weight:300;letter-spacing:1.8px\">O <strong>NLCAST<\/strong>, o <em>podcast<\/em> oficial do <strong>Nogueira Leite Advogados Associados<\/strong>, representa uma inova\u00e7\u00e3o na forma como o conhecimento jur\u00eddico \u00e9 compartilhado e consumido. Cada epis\u00f3dio \u00e9 meticulosamente produzido, n\u00e3o apenas para informar, mas para transformar a complexidade do Direito em conte\u00fado acess\u00edvel, relevante e altamente engajante. O visual, o conte\u00fado e as informa\u00e7\u00f5es s\u00e3o cuidadosamente curados para garantir que cada v\u00eddeo seja n\u00e3o apenas informativo, mas tamb\u00e9m visualmente estimulante, refletindo a sofistica\u00e7\u00e3o e a excel\u00eancia da marca [\u201c<strong>Nogueira Leite\u201d<\/strong>].<\/p>\n\n\n\n<p style=\"font-size:15px;font-style:normal;font-weight:300;letter-spacing:1.8px\">Por meio, do <strong>NLCAST<\/strong>, estabelecemos um canal direto de comunica\u00e7\u00e3o entre nossos advogados e os clientes, enfatizando a import\u00e2ncia de um atendimento personalizado, eficiente e objetivo. Este <em>podcast<\/em> \u00e9 uma <strong>ferramenta vital em nosso compromisso de manter os clientes bem-informados sobre as \u00faltimas tend\u00eancias e desenvolvimentos jur\u00eddicos, neg\u00f3cios e inova\u00e7\u00f5es<\/strong>, permitindo-lhes tomar decis\u00f5es mais informadas e estrat\u00e9gicas.<\/p>\n\n\n\n<p style=\"font-size:15px;font-style:normal;font-weight:300;letter-spacing:1.8px\">Al\u00e9m de ser uma fonte de informa\u00e7\u00e3o de alta qualidade, o <strong>NLCAST <\/strong>\u00e9 um reflexo do nosso compromisso com a inova\u00e7\u00e3o e a excel\u00eancia no atendimento ao cliente. Ao escolher temas relevantes e apresent\u00e1-los de forma clara e acess\u00edvel, promovemos uma compreens\u00e3o mais profunda dos assuntos jur\u00eddicos que afetam nossos clientes, fortalecendo assim a rela\u00e7\u00e3o advogado-cliente. Este <em>podcast <\/em>n\u00e3o \u00e9 apenas uma ferramenta de aprendizado, mas tamb\u00e9m uma extens\u00e3o do nosso servi\u00e7o personalizado, oferecendo orienta\u00e7\u00e3o e <em>insights<\/em> valiosos em um formato conveniente e acess\u00edvel.<\/p>\n","protected":false},"excerpt":{"rendered":"<p>O NLCAST, o podcast oficial do Nogueira Leite Advogados Associados, representa uma inova\u00e7\u00e3o na forma como o conhecimento jur\u00eddico \u00e9 compartilhado e consumido. Cada epis\u00f3dio \u00e9 meticulosamente produzido, n\u00e3o apenas para informar, mas para transformar a complexidade do Direito em conte\u00fado acess\u00edvel, relevante e altamente engajante. O visual, o conte\u00fado e as informa\u00e7\u00f5es s\u00e3o cuidadosamente [&hellip;]<\/p>\n","protected":false},"author":1,"featured_media":0,"parent":0,"menu_order":0,"comment_status":"closed","ping_status":"closed","template":"","meta":{"footnotes":""},"_links":{"self":[{"href":"https:\/\/nlcast.com.br\/index.php?rest_route=\/wp\/v2\/pages\/44"}],"collection":[{"href":"https:\/\/nlcast.com.br\/index.php?rest_route=\/wp\/v2\/pages"}],"about":[{"href":"https:\/\/nlcast.com.br\/index.php?rest_route=\/wp\/v2\/types\/page"}],"author":[{"embeddable":true,"href":"https:\/\/nlcast.com.br\/index.php?rest_route=\/wp\/v2\/users\/1"}],"replies":[{"embeddable":true,"href":"https:\/\/nlcast.com.br\/index.php?rest_route=%2Fwp%2Fv2%2Fcomments&post=44"}],"version-history":[{"count":9,"href":"https:\/\/nlcast.com.br\/index.php?rest_route=\/wp\/v2\/pages\/44\/revisions"}],"predecessor-version":[{"id":91,"href":"https:\/\/nlcast.com.br\/index.php?rest_route=\/wp\/v2\/pages\/44\/revisions\/91"}],"wp:attachment":[{"href":"https:\/\/nlcast.com.br\/index.php?rest_route=%2Fwp%2Fv2%2Fmedia&parent=44"}],"curies":[{"name":"wp","href":"https:\/\/api.w.org\/{rel}","templated":true}]}}